{"id":17593,"date":"2025-02-09T15:38:43","date_gmt":"2025-02-09T15:38:43","guid":{"rendered":"https:\/\/extentis.atwio26.net\/?page_id=17593"},"modified":"2025-04-29T12:14:07","modified_gmt":"2025-04-29T12:14:07","slug":"legal-notices","status":"publish","type":"page","link":"https:\/\/extentis.fr\/en\/mentions-legales\/","title":{"rendered":"Legal notice"},"content":{"rendered":"<div data-elementor-type=\"wp-page\" data-elementor-id=\"17593\" class=\"elementor elementor-17593\" data-elementor-post-type=\"page\">\n\t\t\t\t<div class=\"elementor-element elementor-element-e9cb44e e-flex e-con-boxed elementor-invisible e-con e-parent\" data-id=\"e9cb44e\" data-element_type=\"container\" data-e-type=\"container\" data-settings=\"{&quot;background_background&quot;:&quot;classic&quot;,&quot;animation&quot;:&quot;fadeInUp&quot;}\">\n\t\t\t\t\t<div class=\"e-con-inner\">\n\t\t\t\t<div class=\"elementor-element elementor-element-e173378 elementor-widget elementor-widget-heading\" data-id=\"e173378\" data-element_type=\"widget\" data-e-type=\"widget\" data-widget_type=\"heading.default\">\n\t\t\t\t<div class=\"elementor-widget-container\">\n\t\t\t\t\t<h1 class=\"elementor-heading-title elementor-size-default\">Legal notice<\/h1>\t\t\t\t<\/div>\n\t\t\t\t<\/div>\n\t\t\t\t<div class=\"elementor-element elementor-element-f7ce130 elementor-widget elementor-widget-text-editor\" data-id=\"f7ce130\" data-element_type=\"widget\" data-e-type=\"widget\" data-widget_type=\"text-editor.default\">\n\t\t\t\t<div class=\"elementor-widget-container\">\n\t\t\t\t\t\t\t\t\t<p><strong>The company<\/strong><br \/>Company name: EXTENTIS GROUPE<br \/>Legal form: SASU<br \/>5 RUE MARGUERITTE 75017 PARIS<br \/>SIRET: 80133495400014<br \/>SIREN: 801334954<br \/>VAT Number: FR39801334954<br \/>Registered with the Paris Trade and Companies Register under number 801 334 954<\/p><p><strong>The Host<\/strong><br \/>Name: PlanetHoster<br \/>4416 Louis B. Mayer, Laval (Qu\u00e9bec) H7P 0G1, Canada<br \/>Telephone: +33 1 76 60 41 43<br \/>Website: www.planethoster.net<\/p><p><strong>PERSONAL DATA<\/strong><\/p><p>All information from your account is only used within the scope of your business relationship with the company. This information is never shared with third parties or resold.\u00a0<\/p>\t\t\t\t\t\t\t\t<\/div>\n\t\t\t\t<\/div>\n\t\t\t\t\t<\/div>\n\t\t\t\t<\/div>\n\t\t\t\t<\/div>","protected":false},"excerpt":{"rendered":"<p>Mentions l\u00e9gales L\u2019ENTREPRISE D\u00e9nomination sociale: EXTENTIS GROUPE Forme juridique: SASU Adresse: 5 RUE MARGUERITTE 75017 PARIS SIRET: 80133495400014 SIREN: 801334954 N\u00b0 TVA: FR39801334954 Immatricul\u00e9e au RCS de Paris sous le num\u00e9ro 801 334 954 L\u2019H\u00c9BERGEUR Nom: PlanetHoster Adresse: 4416 Louis B. Mayer, Laval (Qu\u00e9bec) H7P 0G1, Canada T\u00e9l\u00e9phone: +33 1 76 60 41 43 Site [&hellip;]<\/p>\n","protected":false},"author":1,"featured_media":17742,"parent":0,"menu_order":0,"comment_status":"closed","ping_status":"closed","template":"","meta":{"footnotes":""},"class_list":["post-17593","page","type-page","status-publish","has-post-thumbnail","hentry"],"yoast_head":"<!-- This site is optimized with the Yoast SEO plugin v27.4 - https:\/\/yoast.com\/product\/yoast-seo-wordpress\/ -->\n<title>Extentis Groupe - Mentions l\u00e9gales<\/title>\n<meta name=\"description\" content=\"Consultez informations juridiques et responsables de publication du site d\u2019Extentis Groupe, cabinet d\u2019expertise comptable.\" \/>\n<meta name=\"robots\" content=\"index, follow, max-snippet:-1, max-image-preview:large, max-video-preview:-1\" \/>\n<link rel=\"canonical\" href=\"https:\/\/extentis.fr\/en\/legal-notices\/\" \/>\n<meta property=\"og:locale\" content=\"en_GB\" \/>\n<meta property=\"og:type\" content=\"article\" \/>\n<meta property=\"og:title\" content=\"Extentis Groupe - Mentions l\u00e9gales\" \/>\n<meta property=\"og:description\" content=\"Consultez informations juridiques et responsables de publication du site d\u2019Extentis Groupe, cabinet d\u2019expertise comptable.\" \/>\n<meta property=\"og:url\" content=\"https:\/\/extentis.fr\/en\/legal-notices\/\" \/>\n<meta property=\"og:site_name\" content=\"Extentis\" \/>\n<meta property=\"article:modified_time\" content=\"2025-04-29T12:14:07+00:00\" \/>\n<meta property=\"og:image\" content=\"https:\/\/extentis.fr\/wp-content\/uploads\/2025\/01\/business-woman-working-office-desktop-scaled.jpg\" \/>\n\t<meta property=\"og:image:width\" content=\"2560\" \/>\n\t<meta property=\"og:image:height\" content=\"1706\" \/>\n\t<meta property=\"og:image:type\" content=\"image\/jpeg\" \/>\n<meta name=\"twitter:card\" content=\"summary_large_image\" \/>\n<meta name=\"twitter:label1\" content=\"Est. reading time\" \/>\n\t<meta name=\"twitter:data1\" content=\"1 minute\" \/>\n<script type=\"application\/ld+json\" class=\"yoast-schema-graph\">{\"@context\":\"https:\\\/\\\/schema.org\",\"@graph\":[{\"@type\":\"WebPage\",\"@id\":\"https:\\\/\\\/extentis.fr\\\/mentions-legales\\\/\",\"url\":\"https:\\\/\\\/extentis.fr\\\/mentions-legales\\\/\",\"name\":\"Extentis Groupe - Mentions l\u00e9gales\",\"isPartOf\":{\"@id\":\"https:\\\/\\\/extentis.fr\\\/#website\"},\"primaryImageOfPage\":{\"@id\":\"https:\\\/\\\/extentis.fr\\\/mentions-legales\\\/#primaryimage\"},\"image\":{\"@id\":\"https:\\\/\\\/extentis.fr\\\/mentions-legales\\\/#primaryimage\"},\"thumbnailUrl\":\"https:\\\/\\\/extentis.fr\\\/wp-content\\\/uploads\\\/2025\\\/01\\\/business-woman-working-office-desktop-scaled.jpg\",\"datePublished\":\"2025-02-09T15:38:43+00:00\",\"dateModified\":\"2025-04-29T12:14:07+00:00\",\"description\":\"Consultez informations juridiques et responsables de publication du site d\u2019Extentis Groupe, cabinet d\u2019expertise comptable.\",\"breadcrumb\":{\"@id\":\"https:\\\/\\\/extentis.fr\\\/mentions-legales\\\/#breadcrumb\"},\"inLanguage\":\"en-GB\",\"potentialAction\":[{\"@type\":\"ReadAction\",\"target\":[\"https:\\\/\\\/extentis.fr\\\/mentions-legales\\\/\"]}]},{\"@type\":\"ImageObject\",\"inLanguage\":\"en-GB\",\"@id\":\"https:\\\/\\\/extentis.fr\\\/mentions-legales\\\/#primaryimage\",\"url\":\"https:\\\/\\\/extentis.fr\\\/wp-content\\\/uploads\\\/2025\\\/01\\\/business-woman-working-office-desktop-scaled.jpg\",\"contentUrl\":\"https:\\\/\\\/extentis.fr\\\/wp-content\\\/uploads\\\/2025\\\/01\\\/business-woman-working-office-desktop-scaled.jpg\",\"width\":2560,\"height\":1706},{\"@type\":\"BreadcrumbList\",\"@id\":\"https:\\\/\\\/extentis.fr\\\/mentions-legales\\\/#breadcrumb\",\"itemListElement\":[{\"@type\":\"ListItem\",\"position\":1,\"name\":\"Accueil\",\"item\":\"https:\\\/\\\/extentis.fr\\\/\"},{\"@type\":\"ListItem\",\"position\":2,\"name\":\"Mentions l\u00e9gales\"}]},{\"@type\":\"WebSite\",\"@id\":\"https:\\\/\\\/extentis.fr\\\/#website\",\"url\":\"https:\\\/\\\/extentis.fr\\\/\",\"name\":\"Extentis Groupe\",\"description\":\"Groupe d&#039;expertise comptable, d&#039;audit et de conseil\",\"publisher\":{\"@id\":\"https:\\\/\\\/extentis.fr\\\/#organization\"},\"potentialAction\":[{\"@type\":\"SearchAction\",\"target\":{\"@type\":\"EntryPoint\",\"urlTemplate\":\"https:\\\/\\\/extentis.fr\\\/?s={search_term_string}\"},\"query-input\":{\"@type\":\"PropertyValueSpecification\",\"valueRequired\":true,\"valueName\":\"search_term_string\"}}],\"inLanguage\":\"en-GB\"},{\"@type\":\"Organization\",\"@id\":\"https:\\\/\\\/extentis.fr\\\/#organization\",\"name\":\"Extentis Groupe\",\"url\":\"https:\\\/\\\/extentis.fr\\\/\",\"logo\":{\"@type\":\"ImageObject\",\"inLanguage\":\"en-GB\",\"@id\":\"https:\\\/\\\/extentis.fr\\\/#\\\/schema\\\/logo\\\/image\\\/\",\"url\":\"https:\\\/\\\/extentis.fr\\\/wp-content\\\/uploads\\\/2024\\\/11\\\/Logo-EXTENTIS-GROUPE.png\",\"contentUrl\":\"https:\\\/\\\/extentis.fr\\\/wp-content\\\/uploads\\\/2024\\\/11\\\/Logo-EXTENTIS-GROUPE.png\",\"width\":500,\"height\":155,\"caption\":\"Extentis Groupe\"},\"image\":{\"@id\":\"https:\\\/\\\/extentis.fr\\\/#\\\/schema\\\/logo\\\/image\\\/\"}}]}<\/script>\n<!-- \/ Yoast SEO plugin. -->","yoast_head_json":{"title":"Extentis Groupe - Legal notice","description":"Consult the legal information and publishers of the Extentis Groupe website, a firm of chartered accountants.","robots":{"index":"index","follow":"follow","max-snippet":"max-snippet:-1","max-image-preview":"max-image-preview:large","max-video-preview":"max-video-preview:-1"},"canonical":"https:\/\/extentis.fr\/en\/legal-notices\/","og_locale":"en_GB","og_type":"article","og_title":"Extentis Groupe - Mentions l\u00e9gales","og_description":"Consultez informations juridiques et responsables de publication du site d\u2019Extentis Groupe, cabinet d\u2019expertise comptable.","og_url":"https:\/\/extentis.fr\/en\/legal-notices\/","og_site_name":"Extentis","article_modified_time":"2025-04-29T12:14:07+00:00","og_image":[{"width":2560,"height":1706,"url":"https:\/\/extentis.fr\/wp-content\/uploads\/2025\/01\/business-woman-working-office-desktop-scaled.jpg","type":"image\/jpeg"}],"twitter_card":"summary_large_image","twitter_misc":{"Est. reading time":"1 minute"},"schema":{"@context":"https:\/\/schema.org","@graph":[{"@type":"WebPage","@id":"https:\/\/extentis.fr\/mentions-legales\/","url":"https:\/\/extentis.fr\/mentions-legales\/","name":"Extentis Groupe - Legal notice","isPartOf":{"@id":"https:\/\/extentis.fr\/#website"},"primaryImageOfPage":{"@id":"https:\/\/extentis.fr\/mentions-legales\/#primaryimage"},"image":{"@id":"https:\/\/extentis.fr\/mentions-legales\/#primaryimage"},"thumbnailUrl":"https:\/\/extentis.fr\/wp-content\/uploads\/2025\/01\/business-woman-working-office-desktop-scaled.jpg","datePublished":"2025-02-09T15:38:43+00:00","dateModified":"2025-04-29T12:14:07+00:00","description":"Consult the legal information and publishers of the Extentis Groupe website, a firm of chartered accountants.","breadcrumb":{"@id":"https:\/\/extentis.fr\/mentions-legales\/#breadcrumb"},"inLanguage":"en-GB","potentialAction":[{"@type":"ReadAction","target":["https:\/\/extentis.fr\/mentions-legales\/"]}]},{"@type":"ImageObject","inLanguage":"en-GB","@id":"https:\/\/extentis.fr\/mentions-legales\/#primaryimage","url":"https:\/\/extentis.fr\/wp-content\/uploads\/2025\/01\/business-woman-working-office-desktop-scaled.jpg","contentUrl":"https:\/\/extentis.fr\/wp-content\/uploads\/2025\/01\/business-woman-working-office-desktop-scaled.jpg","width":2560,"height":1706},{"@type":"BreadcrumbList","@id":"https:\/\/extentis.fr\/mentions-legales\/#breadcrumb","itemListElement":[{"@type":"ListItem","position":1,"name":"Accueil","item":"https:\/\/extentis.fr\/"},{"@type":"ListItem","position":2,"name":"Mentions l\u00e9gales"}]},{"@type":"WebSite","@id":"https:\/\/extentis.fr\/#website","url":"https:\/\/extentis.fr\/","name":"Extentis Group","description":"Accounting, Audit and Advisory Expertise Group","publisher":{"@id":"https:\/\/extentis.fr\/#organization"},"potentialAction":[{"@type":"SearchAction","target":{"@type":"EntryPoint","urlTemplate":"https:\/\/extentis.fr\/?s={search_term_string}"},"query-input":{"@type":"PropertyValueSpecification","valueRequired":true,"valueName":"search_term_string"}}],"inLanguage":"en-GB"},{"@type":"Organization","@id":"https:\/\/extentis.fr\/#organization","name":"Extentis Group","url":"https:\/\/extentis.fr\/","logo":{"@type":"ImageObject","inLanguage":"en-GB","@id":"https:\/\/extentis.fr\/#\/schema\/logo\/image\/","url":"https:\/\/extentis.fr\/wp-content\/uploads\/2024\/11\/Logo-EXTENTIS-GROUPE.png","contentUrl":"https:\/\/extentis.fr\/wp-content\/uploads\/2024\/11\/Logo-EXTENTIS-GROUPE.png","width":500,"height":155,"caption":"Extentis Groupe"},"image":{"@id":"https:\/\/extentis.fr\/#\/schema\/logo\/image\/"}}]}},"_links":{"self":[{"href":"https:\/\/extentis.fr\/en\/wp-json\/wp\/v2\/pages\/17593","targetHints":{"allow":["GET"]}}],"collection":[{"href":"https:\/\/extentis.fr\/en\/wp-json\/wp\/v2\/pages"}],"about":[{"href":"https:\/\/extentis.fr\/en\/wp-json\/wp\/v2\/types\/page"}],"author":[{"embeddable":true,"href":"https:\/\/extentis.fr\/en\/wp-json\/wp\/v2\/users\/1"}],"replies":[{"embeddable":true,"href":"https:\/\/extentis.fr\/en\/wp-json\/wp\/v2\/comments?post=17593"}],"version-history":[{"count":8,"href":"https:\/\/extentis.fr\/en\/wp-json\/wp\/v2\/pages\/17593\/revisions"}],"predecessor-version":[{"id":18930,"href":"https:\/\/extentis.fr\/en\/wp-json\/wp\/v2\/pages\/17593\/revisions\/18930"}],"wp:featuredmedia":[{"embeddable":true,"href":"https:\/\/extentis.fr\/en\/wp-json\/wp\/v2\/media\/17742"}],"wp:attachment":[{"href":"https:\/\/extentis.fr\/en\/wp-json\/wp\/v2\/media?parent=17593"}],"curies":[{"name":"wp","href":"https:\/\/api.w.org\/{rel}","templated":true}]}}